{"id":97,"date":"2024-05-01T01:15:47","date_gmt":"2024-05-01T01:15:47","guid":{"rendered":"https:\/\/hbpedernales.gob.ec\/bienvenida\/?page_id=97"},"modified":"2024-05-01T04:50:08","modified_gmt":"2024-05-01T04:50:08","slug":"transparencia","status":"publish","type":"page","link":"https:\/\/hbpedernales.gob.ec\/bienvenida\/index.php\/transparencia\/","title":{"rendered":"Rendici\u00f3n de Cuentas 2023"},"content":{"rendered":"\n<p class=\"has-text-align-center has-small-font-size\">La rendici\u00f3n de cuentas es un proceso mediante el cual quienes toman decisiones sobre la gesti\u00f3n de lo p\u00fablico, cumplen su deber y responsabilidad de explicar, dar a conocer o responder a la ciudadan\u00eda sobre el manejo de lo p\u00fablico y sus resultados.<\/p>\n\n\n\n<p><\/p>\n\n\n\n<p><\/p>\n\n\n\n<p class=\"has-large-font-size\">POA<\/p>\n\n\n\n<div class=\"wp-block-file\"><a id=\"wp-block-file--media-8071a0f4-c437-47a3-976f-12ec1e22db0d\" href=\"https:\/\/hbpedernales.gob.ec\/bienvenida\/wp-content\/uploads\/2024\/05\/POA-HFBV.pdf\">POA-HFBV<\/a><a href=\"https:\/\/hbpedernales.gob.ec\/bienvenida\/wp-content\/uploads\/2024\/05\/POA-HFBV.pdf\" class=\"wp-block-file__button wp-element-button\" download aria-describedby=\"wp-block-file--media-8071a0f4-c437-47a3-976f-12ec1e22db0d\">Descarga<\/a><\/div>\n\n\n\n<p><\/p>\n\n\n\n<p><\/p>\n\n\n\n<p class=\"has-large-font-size\">PAC<\/p>\n\n\n\n<div class=\"wp-block-file\"><a id=\"wp-block-file--media-4e6bd68c-cb91-49c1-9674-02ca89c472ce\" href=\"https:\/\/hbpedernales.gob.ec\/bienvenida\/wp-content\/uploads\/2024\/05\/Detalle-del-Plan-Anual-de-Contratacion_-1-1.pdf\">Detalle-del-Plan-Anual-de-Contratacion_-1-1<\/a><a href=\"https:\/\/hbpedernales.gob.ec\/bienvenida\/wp-content\/uploads\/2024\/05\/Detalle-del-Plan-Anual-de-Contratacion_-1-1.pdf\" class=\"wp-block-file__button wp-element-button\" download aria-describedby=\"wp-block-file--media-4e6bd68c-cb91-49c1-9674-02ca89c472ce\">Descarga<\/a><\/div>\n\n\n\n<p><\/p>\n\n\n\n<div class=\"wp-block-file\"><a id=\"wp-block-file--media-0d652d0f-33b2-4c3a-8bae-5567584b5c4c\" href=\"https:\/\/hbpedernales.gob.ec\/bienvenida\/wp-content\/uploads\/2024\/05\/Detalle-del-Plan-Anual-de-Contratacion-2023-1-2.pdf\">Detalle-del-Plan-Anual-de-Contratacion-2023-1-2<\/a><a href=\"https:\/\/hbpedernales.gob.ec\/bienvenida\/wp-content\/uploads\/2024\/05\/Detalle-del-Plan-Anual-de-Contratacion-2023-1-2.pdf\" class=\"wp-block-file__button wp-element-button\" download aria-describedby=\"wp-block-file--media-0d652d0f-33b2-4c3a-8bae-5567584b5c4c\">Descarga<\/a><\/div>\n\n\n\n<p><\/p>\n\n\n\n<p><\/p>\n\n\n\n<p><\/p>\n\n\n\n<p><\/p>\n\n\n\n<p class=\"has-medium-font-size\"><strong>FASE 1 PLANIFICACI\u00d3N<\/strong><\/p>\n\n\n\n<div class=\"wp-block-file\"><a id=\"wp-block-file--media-ecafccda-1f8b-454e-9fe6-a012b9344f4b\" href=\"https:\/\/hbpedernales.gob.ec\/bienvenida\/wp-content\/uploads\/2024\/05\/MSP-CZ4-HFVB-2024-0313-conformacion-de-equipo-de-rendicion-de-cuentas-HFVB.pdf\">MSP-CZ4-HFVB-2024-0313-conformacion-de-equipo-de-rendicion-de-cuentas-HFVB<\/a><a href=\"https:\/\/hbpedernales.gob.ec\/bienvenida\/wp-content\/uploads\/2024\/05\/MSP-CZ4-HFVB-2024-0313-conformacion-de-equipo-de-rendicion-de-cuentas-HFVB.pdf\" class=\"wp-block-file__button wp-element-button\" download aria-describedby=\"wp-block-file--media-ecafccda-1f8b-454e-9fe6-a012b9344f4b\">Descarga<\/a><\/div>\n\n\n\n<p><\/p>\n\n\n\n<p><\/p>\n\n\n\n<p><\/p>\n\n\n\n<p class=\"has-medium-font-size\"><strong>FASE 2 EVALUACI\u00d3N DE GESTI\u00d3N Y ELABORACI\u00d3N DE INFORME<\/strong><\/p>\n\n\n\n<div class=\"wp-block-file\"><a id=\"wp-block-file--media-af6873aa-23c4-4017-b22e-191adf6e4170\" href=\"https:\/\/hbpedernales.gob.ec\/bienvenida\/wp-content\/uploads\/2024\/05\/INFORME-PRE-RC-HOSPITAL-DE-PEDERNALES-VR-signed-signed-signed.pdf\">INFORME-PRE-RC-HOSPITAL-DE-PEDERNALES-VR-signed-signed-signed<\/a><a href=\"https:\/\/hbpedernales.gob.ec\/bienvenida\/wp-content\/uploads\/2024\/05\/INFORME-PRE-RC-HOSPITAL-DE-PEDERNALES-VR-signed-signed-signed.pdf\" class=\"wp-block-file__button wp-element-button\" download aria-describedby=\"wp-block-file--media-af6873aa-23c4-4017-b22e-191adf6e4170\">Descarga<\/a><\/div>\n\n\n\n<div class=\"wp-block-file\"><a id=\"wp-block-file--media-6dacc12d-cea3-4f92-baf2-483a3813f1bb\" href=\"https:\/\/hbpedernales.gob.ec\/bienvenida\/wp-content\/uploads\/2024\/05\/WhatsApp-Image-2024-04-15-at-18.54.50.jpeg\">Invitaci\u00f3n a la ciudadan\u00eda<\/a><a href=\"https:\/\/hbpedernales.gob.ec\/bienvenida\/wp-content\/uploads\/2024\/05\/WhatsApp-Image-2024-04-15-at-18.54.50.jpeg\" class=\"wp-block-file__button wp-element-button\" download aria-describedby=\"wp-block-file--media-6dacc12d-cea3-4f92-baf2-483a3813f1bb\">Descarga<\/a><\/div>\n\n\n\n<p><\/p>\n\n\n\n<p><\/p>\n\n\n\n<p class=\"has-medium-font-size\"><strong>FASE 3 DELIBERACI\u00d3N P\u00daBLICA<\/strong><\/p>\n\n\n\n<ul class=\"wp-block-social-links aligncenter is-layout-flex wp-block-social-links-is-layout-flex\"><\/ul>\n\n\n\n<figure class=\"wp-block-embed is-type-video is-provider-youtube wp-block-embed-youtube wp-embed-aspect-16-9 wp-has-aspect-ratio\"><div class=\"wp-block-embed__wrapper\">\n<iframe loading=\"lazy\" title=\"RENDICI\u00d3N DE CUENTAS 2023\" width=\"500\" height=\"281\" src=\"https:\/\/www.youtube.com\/embed\/GL1GzvPCXeM?feature=oembed\" frameborder=\"0\" allow=\"accelerometer; autoplay; clipboard-write; encrypted-media; gyroscope; picture-in-picture; web-share\" referrerpolicy=\"strict-origin-when-cross-origin\" allowfullscreen><\/iframe>\n<\/div><\/figure>\n\n\n\n<p><\/p>\n\n\n\n<div data-wp-interactive=\"core\/file\" class=\"wp-block-file\"><object data-wp-bind--hidden=\"!state.hasPdfPreview\" hidden class=\"wp-block-file__embed\" data=\"https:\/\/hbpedernales.gob.ec\/bienvenida\/wp-content\/uploads\/2024\/05\/final-presentacion-HOSPITAL-DE-PEDERNALES-RC-2023.pdf\" type=\"application\/pdf\" style=\"width:100%;height:490px\" aria-label=\"Incrustado de PRESENTACI\u00d3N HOSPITAL-DE-PEDERNALES-RC-2023.\"><\/object><a id=\"wp-block-file--media-3c9557c7-3f05-4f5d-ba2f-1b80c496af2d\" href=\"https:\/\/hbpedernales.gob.ec\/bienvenida\/wp-content\/uploads\/2024\/05\/final-presentacion-HOSPITAL-DE-PEDERNALES-RC-2023.pdf\">PRESENTACI\u00d3N HOSPITAL-DE-PEDERNALES-RC-2023<\/a><a href=\"https:\/\/hbpedernales.gob.ec\/bienvenida\/wp-content\/uploads\/2024\/05\/final-presentacion-HOSPITAL-DE-PEDERNALES-RC-2023.pdf\" class=\"wp-block-file__button wp-element-button\" download aria-describedby=\"wp-block-file--media-3c9557c7-3f05-4f5d-ba2f-1b80c496af2d\">Descarga<\/a><\/div>\n\n\n\n<ul class=\"wp-block-social-links is-content-justification-center is-layout-flex wp-container-core-social-links-is-layout-a89b3969 wp-block-social-links-is-layout-flex\"><\/ul>\n\n\n<a class=\"wp-block-read-more\" href=\"https:\/\/hbpedernales.gob.ec\/bienvenida\/index.php\/transparencia\/\" target=\"_self\">https:\/\/hbpedernales.gob.ec\/bienvenida\/index.php\/transparencia\/<span class=\"screen-reader-text\">: Rendici\u00f3n de Cuentas 2023<\/span><\/a>\n\n\n<p><\/p>\n\n\n\n<figure class=\"wp-block-gallery has-nested-images columns-default is-cropped wp-block-gallery-1 is-layout-flex wp-block-gallery-is-layout-flex\">\n<figure class=\"wp-block-image size-large\"><img loading=\"lazy\" decoding=\"async\" width=\"1024\" height=\"632\" data-id=\"108\" src=\"https:\/\/hbpedernales.gob.ec\/bienvenida\/wp-content\/uploads\/2024\/05\/FB_IMG_1714530697233-1024x632.jpg\" alt=\"\" class=\"wp-image-108\" srcset=\"https:\/\/hbpedernales.gob.ec\/bienvenida\/wp-content\/uploads\/2024\/05\/FB_IMG_1714530697233-1024x632.jpg 1024w, https:\/\/hbpedernales.gob.ec\/bienvenida\/wp-content\/uploads\/2024\/05\/FB_IMG_1714530697233-300x185.jpg 300w, https:\/\/hbpedernales.gob.ec\/bienvenida\/wp-content\/uploads\/2024\/05\/FB_IMG_1714530697233-768x474.jpg 768w, https:\/\/hbpedernales.gob.ec\/bienvenida\/wp-content\/uploads\/2024\/05\/FB_IMG_1714530697233.jpg 1080w\" sizes=\"auto, (max-width: 1024px) 100vw, 1024px\" \/><\/figure>\n\n\n\n<figure class=\"wp-block-image size-large\"><img loading=\"lazy\" decoding=\"async\" width=\"1024\" height=\"604\" data-id=\"107\" src=\"https:\/\/hbpedernales.gob.ec\/bienvenida\/wp-content\/uploads\/2024\/05\/FB_IMG_1714530699401-1024x604.jpg\" alt=\"\" class=\"wp-image-107\" srcset=\"https:\/\/hbpedernales.gob.ec\/bienvenida\/wp-content\/uploads\/2024\/05\/FB_IMG_1714530699401-1024x604.jpg 1024w, https:\/\/hbpedernales.gob.ec\/bienvenida\/wp-content\/uploads\/2024\/05\/FB_IMG_1714530699401-300x177.jpg 300w, https:\/\/hbpedernales.gob.ec\/bienvenida\/wp-content\/uploads\/2024\/05\/FB_IMG_1714530699401-768x453.jpg 768w, https:\/\/hbpedernales.gob.ec\/bienvenida\/wp-content\/uploads\/2024\/05\/FB_IMG_1714530699401.jpg 1080w\" sizes=\"auto, (max-width: 1024px) 100vw, 1024px\" \/><\/figure>\n\n\n\n<figure class=\"wp-block-image size-large\"><img loading=\"lazy\" decoding=\"async\" width=\"1024\" height=\"609\" data-id=\"109\" src=\"https:\/\/hbpedernales.gob.ec\/bienvenida\/wp-content\/uploads\/2024\/05\/FB_IMG_1714530693159-1024x609.jpg\" alt=\"\" class=\"wp-image-109\" srcset=\"https:\/\/hbpedernales.gob.ec\/bienvenida\/wp-content\/uploads\/2024\/05\/FB_IMG_1714530693159-1024x609.jpg 1024w, https:\/\/hbpedernales.gob.ec\/bienvenida\/wp-content\/uploads\/2024\/05\/FB_IMG_1714530693159-300x178.jpg 300w, https:\/\/hbpedernales.gob.ec\/bienvenida\/wp-content\/uploads\/2024\/05\/FB_IMG_1714530693159-768x457.jpg 768w, https:\/\/hbpedernales.gob.ec\/bienvenida\/wp-content\/uploads\/2024\/05\/FB_IMG_1714530693159.jpg 1080w\" sizes=\"auto, (max-width: 1024px) 100vw, 1024px\" \/><\/figure>\n<\/figure>\n\n\n\n<div data-wp-interactive=\"core\/file\" class=\"wp-block-file\"><object data-wp-bind--hidden=\"!state.hasPdfPreview\" hidden class=\"wp-block-file__embed\" data=\"https:\/\/hbpedernales.gob.ec\/bienvenida\/wp-content\/uploads\/2024\/05\/REGISTRO-DE-RENDICION-DE-CUENTAS-HOSPITAL-BASICO-DE-PEDERNALES-DR.-FRANCISCO-VASQUEZ-BALDA.pdf\" type=\"application\/pdf\" style=\"width:100%;height:510px\" aria-label=\"Incrustado de INFORME DE CUMPLIMIENTO DE RENDICI\u00d3N DE CUENTAS DEL HOSPITAL DR. FRANCISCO V\u00c1SQUEZ BALDA.\"><\/object><a id=\"wp-block-file--media-2467e1cc-ea8c-4559-a7d7-5c89bc308f55\" href=\"https:\/\/hbpedernales.gob.ec\/bienvenida\/wp-content\/uploads\/2024\/05\/REGISTRO-DE-RENDICION-DE-CUENTAS-HOSPITAL-BASICO-DE-PEDERNALES-DR.-FRANCISCO-VASQUEZ-BALDA.pdf\">INFORME DE CUMPLIMIENTO DE RENDICI\u00d3N DE CUENTAS DEL HOSPITAL DR. FRANCISCO V\u00c1SQUEZ BALDA<\/a><a href=\"https:\/\/hbpedernales.gob.ec\/bienvenida\/wp-content\/uploads\/2024\/05\/REGISTRO-DE-RENDICION-DE-CUENTAS-HOSPITAL-BASICO-DE-PEDERNALES-DR.-FRANCISCO-VASQUEZ-BALDA.pdf\" class=\"wp-block-file__button wp-element-button\" download aria-describedby=\"wp-block-file--media-2467e1cc-ea8c-4559-a7d7-5c89bc308f55\">Descarga<\/a><\/div>\n\n\n\n<p><\/p>\n\n\n\n<p class=\"has-x-large-font-size\"><\/p>\n\n\n\n<div class=\"wp-block-buttons is-layout-flex wp-block-buttons-is-layout-flex\">\n<div class=\"wp-block-button has-custom-width wp-block-button__width-100 is-style-outline is-style-outline--2\"><a class=\"wp-block-button__link wp-element-button\">LOTAIP<\/a><\/div>\n<\/div>\n\n\n\n<p><\/p>\n\n\n\n<div class=\"wp-block-file\"><a id=\"wp-block-file--media-94e98dc9-c22b-44c7-9ed2-ec938b6fdfe6\" href=\"https:\/\/hbpedernales.gob.ec\/bienvenida\/wp-content\/uploads\/2024\/05\/MSP-CZ4-HFVB-PLAN-2024-0004-M-reporte-lotaip-diciembre-2023.pdf\">MSP-CZ4-HFVB-PLAN-2024-0004-M-reporte-lotaip-diciembre-2023<\/a><a href=\"https:\/\/hbpedernales.gob.ec\/bienvenida\/wp-content\/uploads\/2024\/05\/MSP-CZ4-HFVB-PLAN-2024-0004-M-reporte-lotaip-diciembre-2023.pdf\" class=\"wp-block-file__button wp-element-button\" download aria-describedby=\"wp-block-file--media-94e98dc9-c22b-44c7-9ed2-ec938b6fdfe6\">Descarga<\/a><\/div>\n\n\n\n<div class=\"wp-block-file\"><a id=\"wp-block-file--media-61c68e81-ae83-47c3-8b6b-1570b11d7ad9\" href=\"https:\/\/hbpedernales.gob.ec\/bienvenida\/wp-content\/uploads\/2024\/05\/4.-Detalle-licencia-comisiones.xlsx\">4.-Detalle-licencia-comisiones<\/a><a href=\"https:\/\/hbpedernales.gob.ec\/bienvenida\/wp-content\/uploads\/2024\/05\/4.-Detalle-licencia-comisiones.xlsx\" class=\"wp-block-file__button wp-element-button\" download aria-describedby=\"wp-block-file--media-61c68e81-ae83-47c3-8b6b-1570b11d7ad9\">Descarga<\/a><\/div>\n\n\n\n<div class=\"wp-block-file\"><a id=\"wp-block-file--media-4897631d-3499-4285-9222-0dacb78c2d12\" href=\"https:\/\/hbpedernales.gob.ec\/bienvenida\/wp-content\/uploads\/2024\/05\/Copia-de-3._Remuneraciones_ingresos_adicionales.xlsx\">Copia-de-3._Remuneraciones_ingresos_adicionales<\/a><a href=\"https:\/\/hbpedernales.gob.ec\/bienvenida\/wp-content\/uploads\/2024\/05\/Copia-de-3._Remuneraciones_ingresos_adicionales.xlsx\" class=\"wp-block-file__button wp-element-button\" download aria-describedby=\"wp-block-file--media-4897631d-3499-4285-9222-0dacb78c2d12\">Descarga<\/a><\/div>\n\n\n\n<div class=\"wp-block-file\"><a id=\"wp-block-file--media-f005c415-dec6-4751-9e7c-5e1dbcec3313\" href=\"https:\/\/hbpedernales.gob.ec\/bienvenida\/wp-content\/uploads\/2024\/05\/Copia-de-23._Detalle_personas_servidoras_publicas_con_acciones_afirmativas1.xlsx\">Copia-de-23._Detalle_personas_servidoras_publicas_con_acciones_afirmativas1<\/a><a href=\"https:\/\/hbpedernales.gob.ec\/bienvenida\/wp-content\/uploads\/2024\/05\/Copia-de-23._Detalle_personas_servidoras_publicas_con_acciones_afirmativas1.xlsx\" class=\"wp-block-file__button wp-element-button\" download aria-describedby=\"wp-block-file--media-f005c415-dec6-4751-9e7c-5e1dbcec3313\">Descarga<\/a><\/div>\n\n\n\n<div class=\"wp-block-file\"><a id=\"wp-block-file--media-533b0a15-148a-4d14-be5a-37edfd39cb11\" href=\"https:\/\/hbpedernales.gob.ec\/bienvenida\/wp-content\/uploads\/2024\/05\/2.1-2.2-Directorio-y-distributivo-personal-de-la-entidad.xlsx\">2.1-2.2-Directorio-y-distributivo-personal-de-la-entidad<\/a><a href=\"https:\/\/hbpedernales.gob.ec\/bienvenida\/wp-content\/uploads\/2024\/05\/2.1-2.2-Directorio-y-distributivo-personal-de-la-entidad.xlsx\" class=\"wp-block-file__button wp-element-button\" download aria-describedby=\"wp-block-file--media-533b0a15-148a-4d14-be5a-37edfd39cb11\">Descarga<\/a><\/div>\n","protected":false},"excerpt":{"rendered":"<p>La rendici\u00f3n de cuentas es un proceso mediante el cual quienes toman decisiones sobre la gesti\u00f3n de lo p\u00fablico, cumplen su deber y responsabilidad de explicar, dar a conocer o responder a la ciudadan\u00eda sobre el manejo de lo p\u00fablico y sus resultados. POA PAC FASE 1 PLANIFICACI\u00d3N FASE 2 EVALUACI\u00d3N DE GESTI\u00d3N Y ELABORACI\u00d3N [&hellip;]<\/p>\n","protected":false},"author":2,"featured_media":0,"parent":0,"menu_order":0,"comment_status":"closed","ping_status":"closed","template":"","meta":{"footnotes":""},"class_list":["post-97","page","type-page","status-publish","hentry"],"yoast_head":"<!-- This site is optimized with the Yoast SEO plugin v22.7 - https:\/\/yoast.com\/wordpress\/plugins\/seo\/ -->\n<title>Rendici\u00f3n de Cuentas 2023 - Hospital B\u00e1sico Pedernales<\/title>\n<meta name=\"robots\" content=\"index, follow, max-snippet:-1, max-image-preview:large, max-video-preview:-1\" \/>\n<link rel=\"canonical\" href=\"https:\/\/hbpedernales.gob.ec\/bienvenida\/index.php\/transparencia\/\" \/>\n<meta property=\"og:locale\" content=\"es_ES\" \/>\n<meta property=\"og:type\" content=\"article\" \/>\n<meta property=\"og:title\" content=\"Rendici\u00f3n de Cuentas 2023 - Hospital B\u00e1sico Pedernales\" \/>\n<meta property=\"og:description\" content=\"La rendici\u00f3n de cuentas es un proceso mediante el cual quienes toman decisiones sobre la gesti\u00f3n de lo p\u00fablico, cumplen su deber y responsabilidad de explicar, dar a conocer o responder a la ciudadan\u00eda sobre el manejo de lo p\u00fablico y sus resultados. POA PAC FASE 1 PLANIFICACI\u00d3N FASE 2 EVALUACI\u00d3N DE GESTI\u00d3N Y ELABORACI\u00d3N [&hellip;]\" \/>\n<meta property=\"og:url\" content=\"https:\/\/hbpedernales.gob.ec\/bienvenida\/index.php\/transparencia\/\" \/>\n<meta property=\"og:site_name\" content=\"Hospital B\u00e1sico Pedernales\" \/>\n<meta property=\"article:modified_time\" content=\"2024-05-01T04:50:08+00:00\" \/>\n<meta property=\"og:image\" content=\"https:\/\/hbpedernales.gob.ec\/bienvenida\/wp-content\/uploads\/2024\/05\/FB_IMG_1714530697233-1024x632.jpg\" \/>\n<meta name=\"twitter:card\" content=\"summary_large_image\" \/>\n<meta name=\"twitter:label1\" content=\"Tiempo de lectura\" \/>\n\t<meta name=\"twitter:data1\" content=\"2 minutos\" \/>\n<script type=\"application\/ld+json\" class=\"yoast-schema-graph\">{\"@context\":\"https:\/\/schema.org\",\"@graph\":[{\"@type\":\"WebPage\",\"@id\":\"https:\/\/hbpedernales.gob.ec\/bienvenida\/index.php\/transparencia\/\",\"url\":\"https:\/\/hbpedernales.gob.ec\/bienvenida\/index.php\/transparencia\/\",\"name\":\"Rendici\u00f3n de Cuentas 2023 - Hospital B\u00e1sico Pedernales\",\"isPartOf\":{\"@id\":\"https:\/\/hbpedernales.gob.ec\/bienvenida\/#website\"},\"primaryImageOfPage\":{\"@id\":\"https:\/\/hbpedernales.gob.ec\/bienvenida\/index.php\/transparencia\/#primaryimage\"},\"image\":{\"@id\":\"https:\/\/hbpedernales.gob.ec\/bienvenida\/index.php\/transparencia\/#primaryimage\"},\"thumbnailUrl\":\"https:\/\/hbpedernales.gob.ec\/bienvenida\/wp-content\/uploads\/2024\/05\/FB_IMG_1714530697233-1024x632.jpg\",\"datePublished\":\"2024-05-01T01:15:47+00:00\",\"dateModified\":\"2024-05-01T04:50:08+00:00\",\"breadcrumb\":{\"@id\":\"https:\/\/hbpedernales.gob.ec\/bienvenida\/index.php\/transparencia\/#breadcrumb\"},\"inLanguage\":\"es\",\"potentialAction\":[{\"@type\":\"ReadAction\",\"target\":[\"https:\/\/hbpedernales.gob.ec\/bienvenida\/index.php\/transparencia\/\"]}]},{\"@type\":\"ImageObject\",\"inLanguage\":\"es\",\"@id\":\"https:\/\/hbpedernales.gob.ec\/bienvenida\/index.php\/transparencia\/#primaryimage\",\"url\":\"https:\/\/hbpedernales.gob.ec\/bienvenida\/wp-content\/uploads\/2024\/05\/FB_IMG_1714530697233.jpg\",\"contentUrl\":\"https:\/\/hbpedernales.gob.ec\/bienvenida\/wp-content\/uploads\/2024\/05\/FB_IMG_1714530697233.jpg\",\"width\":1080,\"height\":667},{\"@type\":\"BreadcrumbList\",\"@id\":\"https:\/\/hbpedernales.gob.ec\/bienvenida\/index.php\/transparencia\/#breadcrumb\",\"itemListElement\":[{\"@type\":\"ListItem\",\"position\":1,\"name\":\"Portada\",\"item\":\"https:\/\/hbpedernales.gob.ec\/bienvenida\/\"},{\"@type\":\"ListItem\",\"position\":2,\"name\":\"Rendici\u00f3n de Cuentas 2023\"}]},{\"@type\":\"WebSite\",\"@id\":\"https:\/\/hbpedernales.gob.ec\/bienvenida\/#website\",\"url\":\"https:\/\/hbpedernales.gob.ec\/bienvenida\/\",\"name\":\"Hospital B\u00e1sico Pedernales\",\"description\":\"\",\"publisher\":{\"@id\":\"https:\/\/hbpedernales.gob.ec\/bienvenida\/#organization\"},\"potentialAction\":[{\"@type\":\"SearchAction\",\"target\":{\"@type\":\"EntryPoint\",\"urlTemplate\":\"https:\/\/hbpedernales.gob.ec\/bienvenida\/?s={search_term_string}\"},\"query-input\":\"required name=search_term_string\"}],\"inLanguage\":\"es\"},{\"@type\":\"Organization\",\"@id\":\"https:\/\/hbpedernales.gob.ec\/bienvenida\/#organization\",\"name\":\"Hospital B\u00e1sico Pedernales\",\"url\":\"https:\/\/hbpedernales.gob.ec\/bienvenida\/\",\"logo\":{\"@type\":\"ImageObject\",\"inLanguage\":\"es\",\"@id\":\"https:\/\/hbpedernales.gob.ec\/bienvenida\/#\/schema\/logo\/image\/\",\"url\":\"https:\/\/hbpedernales.gob.ec\/bienvenida\/wp-content\/uploads\/2024\/02\/Logo.png\",\"contentUrl\":\"https:\/\/hbpedernales.gob.ec\/bienvenida\/wp-content\/uploads\/2024\/02\/Logo.png\",\"width\":101,\"height\":32,\"caption\":\"Hospital B\u00e1sico Pedernales\"},\"image\":{\"@id\":\"https:\/\/hbpedernales.gob.ec\/bienvenida\/#\/schema\/logo\/image\/\"}}]}<\/script>\n<!-- \/ Yoast SEO plugin. -->","yoast_head_json":{"title":"Rendici\u00f3n de Cuentas 2023 - Hospital B\u00e1sico Pedernales","robots":{"index":"index","follow":"follow","max-snippet":"max-snippet:-1","max-image-preview":"max-image-preview:large","max-video-preview":"max-video-preview:-1"},"canonical":"https:\/\/hbpedernales.gob.ec\/bienvenida\/index.php\/transparencia\/","og_locale":"es_ES","og_type":"article","og_title":"Rendici\u00f3n de Cuentas 2023 - Hospital B\u00e1sico Pedernales","og_description":"La rendici\u00f3n de cuentas es un proceso mediante el cual quienes toman decisiones sobre la gesti\u00f3n de lo p\u00fablico, cumplen su deber y responsabilidad de explicar, dar a conocer o responder a la ciudadan\u00eda sobre el manejo de lo p\u00fablico y sus resultados. POA PAC FASE 1 PLANIFICACI\u00d3N FASE 2 EVALUACI\u00d3N DE GESTI\u00d3N Y ELABORACI\u00d3N [&hellip;]","og_url":"https:\/\/hbpedernales.gob.ec\/bienvenida\/index.php\/transparencia\/","og_site_name":"Hospital B\u00e1sico Pedernales","article_modified_time":"2024-05-01T04:50:08+00:00","og_image":[{"url":"https:\/\/hbpedernales.gob.ec\/bienvenida\/wp-content\/uploads\/2024\/05\/FB_IMG_1714530697233-1024x632.jpg"}],"twitter_card":"summary_large_image","twitter_misc":{"Tiempo de lectura":"2 minutos"},"schema":{"@context":"https:\/\/schema.org","@graph":[{"@type":"WebPage","@id":"https:\/\/hbpedernales.gob.ec\/bienvenida\/index.php\/transparencia\/","url":"https:\/\/hbpedernales.gob.ec\/bienvenida\/index.php\/transparencia\/","name":"Rendici\u00f3n de Cuentas 2023 - Hospital B\u00e1sico Pedernales","isPartOf":{"@id":"https:\/\/hbpedernales.gob.ec\/bienvenida\/#website"},"primaryImageOfPage":{"@id":"https:\/\/hbpedernales.gob.ec\/bienvenida\/index.php\/transparencia\/#primaryimage"},"image":{"@id":"https:\/\/hbpedernales.gob.ec\/bienvenida\/index.php\/transparencia\/#primaryimage"},"thumbnailUrl":"https:\/\/hbpedernales.gob.ec\/bienvenida\/wp-content\/uploads\/2024\/05\/FB_IMG_1714530697233-1024x632.jpg","datePublished":"2024-05-01T01:15:47+00:00","dateModified":"2024-05-01T04:50:08+00:00","breadcrumb":{"@id":"https:\/\/hbpedernales.gob.ec\/bienvenida\/index.php\/transparencia\/#breadcrumb"},"inLanguage":"es","potentialAction":[{"@type":"ReadAction","target":["https:\/\/hbpedernales.gob.ec\/bienvenida\/index.php\/transparencia\/"]}]},{"@type":"ImageObject","inLanguage":"es","@id":"https:\/\/hbpedernales.gob.ec\/bienvenida\/index.php\/transparencia\/#primaryimage","url":"https:\/\/hbpedernales.gob.ec\/bienvenida\/wp-content\/uploads\/2024\/05\/FB_IMG_1714530697233.jpg","contentUrl":"https:\/\/hbpedernales.gob.ec\/bienvenida\/wp-content\/uploads\/2024\/05\/FB_IMG_1714530697233.jpg","width":1080,"height":667},{"@type":"BreadcrumbList","@id":"https:\/\/hbpedernales.gob.ec\/bienvenida\/index.php\/transparencia\/#breadcrumb","itemListElement":[{"@type":"ListItem","position":1,"name":"Portada","item":"https:\/\/hbpedernales.gob.ec\/bienvenida\/"},{"@type":"ListItem","position":2,"name":"Rendici\u00f3n de Cuentas 2023"}]},{"@type":"WebSite","@id":"https:\/\/hbpedernales.gob.ec\/bienvenida\/#website","url":"https:\/\/hbpedernales.gob.ec\/bienvenida\/","name":"Hospital B\u00e1sico Pedernales","description":"","publisher":{"@id":"https:\/\/hbpedernales.gob.ec\/bienvenida\/#organization"},"potentialAction":[{"@type":"SearchAction","target":{"@type":"EntryPoint","urlTemplate":"https:\/\/hbpedernales.gob.ec\/bienvenida\/?s={search_term_string}"},"query-input":"required name=search_term_string"}],"inLanguage":"es"},{"@type":"Organization","@id":"https:\/\/hbpedernales.gob.ec\/bienvenida\/#organization","name":"Hospital B\u00e1sico Pedernales","url":"https:\/\/hbpedernales.gob.ec\/bienvenida\/","logo":{"@type":"ImageObject","inLanguage":"es","@id":"https:\/\/hbpedernales.gob.ec\/bienvenida\/#\/schema\/logo\/image\/","url":"https:\/\/hbpedernales.gob.ec\/bienvenida\/wp-content\/uploads\/2024\/02\/Logo.png","contentUrl":"https:\/\/hbpedernales.gob.ec\/bienvenida\/wp-content\/uploads\/2024\/02\/Logo.png","width":101,"height":32,"caption":"Hospital B\u00e1sico Pedernales"},"image":{"@id":"https:\/\/hbpedernales.gob.ec\/bienvenida\/#\/schema\/logo\/image\/"}}]}},"_links":{"self":[{"href":"https:\/\/hbpedernales.gob.ec\/bienvenida\/index.php\/wp-json\/wp\/v2\/pages\/97","targetHints":{"allow":["GET"]}}],"collection":[{"href":"https:\/\/hbpedernales.gob.ec\/bienvenida\/index.php\/wp-json\/wp\/v2\/pages"}],"about":[{"href":"https:\/\/hbpedernales.gob.ec\/bienvenida\/index.php\/wp-json\/wp\/v2\/types\/page"}],"author":[{"embeddable":true,"href":"https:\/\/hbpedernales.gob.ec\/bienvenida\/index.php\/wp-json\/wp\/v2\/users\/2"}],"replies":[{"embeddable":true,"href":"https:\/\/hbpedernales.gob.ec\/bienvenida\/index.php\/wp-json\/wp\/v2\/comments?post=97"}],"version-history":[{"count":26,"href":"https:\/\/hbpedernales.gob.ec\/bienvenida\/index.php\/wp-json\/wp\/v2\/pages\/97\/revisions"}],"predecessor-version":[{"id":170,"href":"https:\/\/hbpedernales.gob.ec\/bienvenida\/index.php\/wp-json\/wp\/v2\/pages\/97\/revisions\/170"}],"wp:attachment":[{"href":"https:\/\/hbpedernales.gob.ec\/bienvenida\/index.php\/wp-json\/wp\/v2\/media?parent=97"}],"curies":[{"name":"wp","href":"https:\/\/api.w.org\/{rel}","templated":true}]}}