{"id":84,"date":"2024-02-26T20:27:49","date_gmt":"2024-02-26T20:27:49","guid":{"rendered":"https:\/\/hbpedernales.gob.ec\/bienvenida\/?page_id=84"},"modified":"2024-03-01T21:26:59","modified_gmt":"2024-03-01T21:26:59","slug":"atencion-de-calidad","status":"publish","type":"page","link":"https:\/\/hbpedernales.gob.ec\/bienvenida\/index.php\/atencion-de-calidad\/","title":{"rendered":"Atenci\u00f3n de Calidad"},"content":{"rendered":"\n<div class=\"wp-block-group alignfull has-base-background-color has-background has-global-padding is-layout-constrained wp-container-core-group-is-layout-d89aad35 wp-block-group-is-layout-constrained\" style=\"margin-top:0;margin-bottom:0;padding-top:var(--wp--preset--spacing--50);padding-right:var(--wp--preset--spacing--50);padding-bottom:var(--wp--preset--spacing--50);padding-left:var(--wp--preset--spacing--50)\">\n<div class=\"wp-block-group alignfull has-global-padding is-layout-constrained wp-container-core-group-is-layout-669513ed wp-block-group-is-layout-constrained\" style=\"margin-top:0;margin-bottom:0;padding-top:var(--wp--preset--spacing--50);padding-right:var(--wp--preset--spacing--50);padding-bottom:var(--wp--preset--spacing--50);padding-left:var(--wp--preset--spacing--50)\">\n<div class=\"wp-block-group is-vertical is-content-justification-center is-layout-flex wp-container-core-group-is-layout-ce155fab wp-block-group-is-layout-flex\">\n<h2 class=\"wp-block-heading has-text-align-center has-xx-large-font-size\">Perfil Acad\u00e9mico<\/h2>\n<\/div>\n\n\n\n<div style=\"height:var(--wp--preset--spacing--30)\" aria-hidden=\"true\" class=\"wp-block-spacer\"><\/div>\n\n\n\n<div class=\"wp-block-columns alignwide is-layout-flex wp-container-core-columns-is-layout-4935966c wp-block-columns-is-layout-flex\" style=\"padding-right:0;padding-left:0\">\n<div class=\"wp-block-column is-layout-flow wp-block-column-is-layout-flow\">\n<figure class=\"wp-block-image size-full is-style-rounded wp-duotone-unset-2 is-style-rounded--1\"><img loading=\"lazy\" decoding=\"async\" width=\"1200\" height=\"1600\" src=\"https:\/\/hbpedernales.gob.ec\/bienvenida\/wp-content\/uploads\/2024\/02\/WhatsApp-Image-2024-02-22-at-20.16.00.jpeg\" alt=\"\" class=\"wp-image-85\" style=\"aspect-ratio:4\/3;object-fit:contain\" srcset=\"https:\/\/hbpedernales.gob.ec\/bienvenida\/wp-content\/uploads\/2024\/02\/WhatsApp-Image-2024-02-22-at-20.16.00.jpeg 1200w, https:\/\/hbpedernales.gob.ec\/bienvenida\/wp-content\/uploads\/2024\/02\/WhatsApp-Image-2024-02-22-at-20.16.00-225x300.jpeg 225w, https:\/\/hbpedernales.gob.ec\/bienvenida\/wp-content\/uploads\/2024\/02\/WhatsApp-Image-2024-02-22-at-20.16.00-768x1024.jpeg 768w, https:\/\/hbpedernales.gob.ec\/bienvenida\/wp-content\/uploads\/2024\/02\/WhatsApp-Image-2024-02-22-at-20.16.00-1152x1536.jpeg 1152w\" sizes=\"auto, (max-width: 1200px) 100vw, 1200px\" \/><\/figure>\n\n\n\n<div class=\"wp-block-group is-vertical is-content-justification-center is-nowrap is-layout-flex wp-container-core-group-is-layout-21d4e958 wp-block-group-is-layout-flex\">\n<p class=\"has-text-align-center has-small-font-size\"> <strong>Dra. Gina Alc\u00edvar Zambrano<\/strong> <\/p>\n\n\n\n<p class=\"has-text-align-center has-small-font-size\">DIRECTORA<\/p>\n<\/div>\n<\/div>\n\n\n\n<div class=\"wp-block-column is-layout-flow wp-block-column-is-layout-flow\">\n<p><\/p>\n<\/div>\n<\/div>\n<\/div>\n<\/div>\n\n\n\n<div class=\"wp-block-group alignfull has-accent-5-background-color has-background has-global-padding is-layout-constrained wp-container-core-group-is-layout-d89aad35 wp-block-group-is-layout-constrained\" style=\"margin-top:0;margin-bottom:0;padding-top:var(--wp--preset--spacing--50);padding-right:var(--wp--preset--spacing--50);padding-bottom:var(--wp--preset--spacing--50);padding-left:var(--wp--preset--spacing--50)\">\n<div class=\"wp-block-columns alignwide is-layout-flex wp-container-core-columns-is-layout-1da03c2a wp-block-columns-is-layout-flex\">\n<div class=\"wp-block-column is-vertically-aligned-center is-layout-flow wp-block-column-is-layout-flow\" style=\"flex-basis:60%\">\n<figure class=\"wp-block-image size-full is-style-rounded wp-duotone-duotone-1 is-style-rounded--3\"><img decoding=\"async\" src=\"https:\/\/hbpedernales.gob.ec\/bienvenida\/wp-content\/themes\/twentytwentyfour\/assets\/images\/abstract-geometric-art.webp\" alt=\"Obra de arte geom\u00e9trica abstracta blanca de Dresde, Alemania\" style=\"aspect-ratio:4\/3;object-fit:cover\"\/><\/figure>\n<\/div>\n\n\n\n<div class=\"wp-block-column is-layout-flow wp-block-column-is-layout-flow\" style=\"flex-basis:40%\">\n<h2 class=\"wp-block-heading\">MISI\u00d3N<\/h2>\n\n\n\n<p class=\"has-small-font-size\">Prestar servicios de salud con calidad y calidez en el \u00e1mbito de la asistencia especializada, a trav\u00e9s de su cartera de servicios, cumpliendo con la responsabilidad de promoci\u00f3n, prevenci\u00f3n, recuperaci\u00f3n, rehabilitaci\u00f3n de la salud integral, docencia e investigaci\u00f3n, conforme a las pol\u00edticas del Ministerio de Salud P\u00fablica y el trabajo en red, en el marco de la justicia y equidad social.<\/p>\n\n\n\n<div class=\"wp-block-buttons is-layout-flex wp-block-buttons-is-layout-flex\"><\/div>\n<\/div>\n<\/div>\n<\/div>\n\n\n\n\n\n<div class=\"wp-block-group alignfull has-global-padding is-layout-constrained wp-container-core-group-is-layout-d89aad35 wp-block-group-is-layout-constrained\" style=\"margin-top:0;margin-bottom:0;padding-top:var(--wp--preset--spacing--50);padding-right:var(--wp--preset--spacing--50);padding-bottom:var(--wp--preset--spacing--50);padding-left:var(--wp--preset--spacing--50)\">\n<div class=\"wp-block-columns alignwide are-vertically-aligned-center is-layout-flex wp-container-core-columns-is-layout-47c06fe3 wp-block-columns-is-layout-flex\">\n<div class=\"wp-block-column is-vertically-aligned-center is-layout-flow wp-block-column-is-layout-flow\" style=\"flex-basis:50%\">\n<h2 class=\"wp-block-heading\">VISI\u00d3N<\/h2>\n\n\n\n<p>Ser reconocidos por la ciudadan\u00eda como hospitales accesibles, que prestan una atenci\u00f3n de calidad que satisface las necesidades y expectativas de la poblaci\u00f3n bajo principios fundamentales de la salud p\u00fablica y bio\u00e9tica, utilizando la tecnolog\u00eda y los recursos p\u00fablicos de forma eficiente y transparente.<\/p>\n<\/div>\n\n\n\n<div class=\"wp-block-column is-vertically-aligned-center is-layout-flow wp-block-column-is-layout-flow\" style=\"flex-basis:50%\">\n<figure class=\"wp-block-image size-full is-style-rounded is-style-rounded--4\"><img decoding=\"async\" src=\"https:\/\/hbpedernales.gob.ec\/bienvenida\/wp-content\/themes\/twentytwentyfour\/assets\/images\/abstract-geometric-art.webp\" alt=\"Obra de arte geom\u00e9trica abstracta blanca de Dresde, Alemania\" style=\"aspect-ratio:4\/3;object-fit:cover\"\/><\/figure>\n<\/div>\n<\/div>\n<\/div>\n","protected":false},"excerpt":{"rendered":"<p>Perfil Acad\u00e9mico Dra. Gina Alc\u00edvar Zambrano DIRECTORA MISI\u00d3N Prestar servicios de salud con calidad y calidez en el \u00e1mbito de la asistencia especializada, a trav\u00e9s de su cartera de servicios, cumpliendo con la responsabilidad de promoci\u00f3n, prevenci\u00f3n, recuperaci\u00f3n, rehabilitaci\u00f3n de la salud integral, docencia e investigaci\u00f3n, conforme a las pol\u00edticas del Ministerio de Salud P\u00fablica [&hellip;]<\/p>\n","protected":false},"author":2,"featured_media":0,"parent":0,"menu_order":0,"comment_status":"closed","ping_status":"closed","template":"","meta":{"footnotes":""},"class_list":["post-84","page","type-page","status-publish","hentry"],"yoast_head":"<!-- This site is optimized with the Yoast SEO plugin v22.7 - https:\/\/yoast.com\/wordpress\/plugins\/seo\/ -->\n<title>Atenci\u00f3n de Calidad - Hospital B\u00e1sico Pedernales<\/title>\n<meta name=\"robots\" content=\"index, follow, max-snippet:-1, max-image-preview:large, max-video-preview:-1\" \/>\n<link rel=\"canonical\" href=\"https:\/\/hbpedernales.gob.ec\/bienvenida\/index.php\/atencion-de-calidad\/\" \/>\n<meta property=\"og:locale\" content=\"es_ES\" \/>\n<meta property=\"og:type\" content=\"article\" \/>\n<meta property=\"og:title\" content=\"Atenci\u00f3n de Calidad - Hospital B\u00e1sico Pedernales\" \/>\n<meta property=\"og:description\" content=\"Perfil Acad\u00e9mico Dra. Gina Alc\u00edvar Zambrano DIRECTORA MISI\u00d3N Prestar servicios de salud con calidad y calidez en el \u00e1mbito de la asistencia especializada, a trav\u00e9s de su cartera de servicios, cumpliendo con la responsabilidad de promoci\u00f3n, prevenci\u00f3n, recuperaci\u00f3n, rehabilitaci\u00f3n de la salud integral, docencia e investigaci\u00f3n, conforme a las pol\u00edticas del Ministerio de Salud P\u00fablica [&hellip;]\" \/>\n<meta property=\"og:url\" content=\"https:\/\/hbpedernales.gob.ec\/bienvenida\/index.php\/atencion-de-calidad\/\" \/>\n<meta property=\"og:site_name\" content=\"Hospital B\u00e1sico Pedernales\" \/>\n<meta property=\"article:modified_time\" content=\"2024-03-01T21:26:59+00:00\" \/>\n<meta property=\"og:image\" content=\"https:\/\/hbpedernales.gob.ec\/bienvenida\/wp-content\/uploads\/2024\/02\/WhatsApp-Image-2024-02-22-at-20.16.00.jpeg\" \/>\n<meta name=\"twitter:card\" content=\"summary_large_image\" \/>\n<meta name=\"twitter:label1\" content=\"Tiempo de lectura\" \/>\n\t<meta name=\"twitter:data1\" content=\"2 minutos\" \/>\n<script type=\"application\/ld+json\" class=\"yoast-schema-graph\">{\"@context\":\"https:\/\/schema.org\",\"@graph\":[{\"@type\":\"WebPage\",\"@id\":\"https:\/\/hbpedernales.gob.ec\/bienvenida\/index.php\/atencion-de-calidad\/\",\"url\":\"https:\/\/hbpedernales.gob.ec\/bienvenida\/index.php\/atencion-de-calidad\/\",\"name\":\"Atenci\u00f3n de Calidad - Hospital B\u00e1sico Pedernales\",\"isPartOf\":{\"@id\":\"https:\/\/hbpedernales.gob.ec\/bienvenida\/#website\"},\"primaryImageOfPage\":{\"@id\":\"https:\/\/hbpedernales.gob.ec\/bienvenida\/index.php\/atencion-de-calidad\/#primaryimage\"},\"image\":{\"@id\":\"https:\/\/hbpedernales.gob.ec\/bienvenida\/index.php\/atencion-de-calidad\/#primaryimage\"},\"thumbnailUrl\":\"https:\/\/hbpedernales.gob.ec\/bienvenida\/wp-content\/uploads\/2024\/02\/WhatsApp-Image-2024-02-22-at-20.16.00.jpeg\",\"datePublished\":\"2024-02-26T20:27:49+00:00\",\"dateModified\":\"2024-03-01T21:26:59+00:00\",\"breadcrumb\":{\"@id\":\"https:\/\/hbpedernales.gob.ec\/bienvenida\/index.php\/atencion-de-calidad\/#breadcrumb\"},\"inLanguage\":\"es\",\"potentialAction\":[{\"@type\":\"ReadAction\",\"target\":[\"https:\/\/hbpedernales.gob.ec\/bienvenida\/index.php\/atencion-de-calidad\/\"]}]},{\"@type\":\"ImageObject\",\"inLanguage\":\"es\",\"@id\":\"https:\/\/hbpedernales.gob.ec\/bienvenida\/index.php\/atencion-de-calidad\/#primaryimage\",\"url\":\"https:\/\/hbpedernales.gob.ec\/bienvenida\/wp-content\/uploads\/2024\/02\/WhatsApp-Image-2024-02-22-at-20.16.00.jpeg\",\"contentUrl\":\"https:\/\/hbpedernales.gob.ec\/bienvenida\/wp-content\/uploads\/2024\/02\/WhatsApp-Image-2024-02-22-at-20.16.00.jpeg\",\"width\":1200,\"height\":1600},{\"@type\":\"BreadcrumbList\",\"@id\":\"https:\/\/hbpedernales.gob.ec\/bienvenida\/index.php\/atencion-de-calidad\/#breadcrumb\",\"itemListElement\":[{\"@type\":\"ListItem\",\"position\":1,\"name\":\"Portada\",\"item\":\"https:\/\/hbpedernales.gob.ec\/bienvenida\/\"},{\"@type\":\"ListItem\",\"position\":2,\"name\":\"Atenci\u00f3n de Calidad\"}]},{\"@type\":\"WebSite\",\"@id\":\"https:\/\/hbpedernales.gob.ec\/bienvenida\/#website\",\"url\":\"https:\/\/hbpedernales.gob.ec\/bienvenida\/\",\"name\":\"Hospital B\u00e1sico Pedernales\",\"description\":\"\",\"publisher\":{\"@id\":\"https:\/\/hbpedernales.gob.ec\/bienvenida\/#organization\"},\"potentialAction\":[{\"@type\":\"SearchAction\",\"target\":{\"@type\":\"EntryPoint\",\"urlTemplate\":\"https:\/\/hbpedernales.gob.ec\/bienvenida\/?s={search_term_string}\"},\"query-input\":\"required name=search_term_string\"}],\"inLanguage\":\"es\"},{\"@type\":\"Organization\",\"@id\":\"https:\/\/hbpedernales.gob.ec\/bienvenida\/#organization\",\"name\":\"Hospital B\u00e1sico Pedernales\",\"url\":\"https:\/\/hbpedernales.gob.ec\/bienvenida\/\",\"logo\":{\"@type\":\"ImageObject\",\"inLanguage\":\"es\",\"@id\":\"https:\/\/hbpedernales.gob.ec\/bienvenida\/#\/schema\/logo\/image\/\",\"url\":\"https:\/\/hbpedernales.gob.ec\/bienvenida\/wp-content\/uploads\/2024\/02\/Logo.png\",\"contentUrl\":\"https:\/\/hbpedernales.gob.ec\/bienvenida\/wp-content\/uploads\/2024\/02\/Logo.png\",\"width\":101,\"height\":32,\"caption\":\"Hospital B\u00e1sico Pedernales\"},\"image\":{\"@id\":\"https:\/\/hbpedernales.gob.ec\/bienvenida\/#\/schema\/logo\/image\/\"}}]}<\/script>\n<!-- \/ Yoast SEO plugin. -->","yoast_head_json":{"title":"Atenci\u00f3n de Calidad - Hospital B\u00e1sico Pedernales","robots":{"index":"index","follow":"follow","max-snippet":"max-snippet:-1","max-image-preview":"max-image-preview:large","max-video-preview":"max-video-preview:-1"},"canonical":"https:\/\/hbpedernales.gob.ec\/bienvenida\/index.php\/atencion-de-calidad\/","og_locale":"es_ES","og_type":"article","og_title":"Atenci\u00f3n de Calidad - Hospital B\u00e1sico Pedernales","og_description":"Perfil Acad\u00e9mico Dra. Gina Alc\u00edvar Zambrano DIRECTORA MISI\u00d3N Prestar servicios de salud con calidad y calidez en el \u00e1mbito de la asistencia especializada, a trav\u00e9s de su cartera de servicios, cumpliendo con la responsabilidad de promoci\u00f3n, prevenci\u00f3n, recuperaci\u00f3n, rehabilitaci\u00f3n de la salud integral, docencia e investigaci\u00f3n, conforme a las pol\u00edticas del Ministerio de Salud P\u00fablica [&hellip;]","og_url":"https:\/\/hbpedernales.gob.ec\/bienvenida\/index.php\/atencion-de-calidad\/","og_site_name":"Hospital B\u00e1sico Pedernales","article_modified_time":"2024-03-01T21:26:59+00:00","og_image":[{"url":"https:\/\/hbpedernales.gob.ec\/bienvenida\/wp-content\/uploads\/2024\/02\/WhatsApp-Image-2024-02-22-at-20.16.00.jpeg"}],"twitter_card":"summary_large_image","twitter_misc":{"Tiempo de lectura":"2 minutos"},"schema":{"@context":"https:\/\/schema.org","@graph":[{"@type":"WebPage","@id":"https:\/\/hbpedernales.gob.ec\/bienvenida\/index.php\/atencion-de-calidad\/","url":"https:\/\/hbpedernales.gob.ec\/bienvenida\/index.php\/atencion-de-calidad\/","name":"Atenci\u00f3n de Calidad - Hospital B\u00e1sico Pedernales","isPartOf":{"@id":"https:\/\/hbpedernales.gob.ec\/bienvenida\/#website"},"primaryImageOfPage":{"@id":"https:\/\/hbpedernales.gob.ec\/bienvenida\/index.php\/atencion-de-calidad\/#primaryimage"},"image":{"@id":"https:\/\/hbpedernales.gob.ec\/bienvenida\/index.php\/atencion-de-calidad\/#primaryimage"},"thumbnailUrl":"https:\/\/hbpedernales.gob.ec\/bienvenida\/wp-content\/uploads\/2024\/02\/WhatsApp-Image-2024-02-22-at-20.16.00.jpeg","datePublished":"2024-02-26T20:27:49+00:00","dateModified":"2024-03-01T21:26:59+00:00","breadcrumb":{"@id":"https:\/\/hbpedernales.gob.ec\/bienvenida\/index.php\/atencion-de-calidad\/#breadcrumb"},"inLanguage":"es","potentialAction":[{"@type":"ReadAction","target":["https:\/\/hbpedernales.gob.ec\/bienvenida\/index.php\/atencion-de-calidad\/"]}]},{"@type":"ImageObject","inLanguage":"es","@id":"https:\/\/hbpedernales.gob.ec\/bienvenida\/index.php\/atencion-de-calidad\/#primaryimage","url":"https:\/\/hbpedernales.gob.ec\/bienvenida\/wp-content\/uploads\/2024\/02\/WhatsApp-Image-2024-02-22-at-20.16.00.jpeg","contentUrl":"https:\/\/hbpedernales.gob.ec\/bienvenida\/wp-content\/uploads\/2024\/02\/WhatsApp-Image-2024-02-22-at-20.16.00.jpeg","width":1200,"height":1600},{"@type":"BreadcrumbList","@id":"https:\/\/hbpedernales.gob.ec\/bienvenida\/index.php\/atencion-de-calidad\/#breadcrumb","itemListElement":[{"@type":"ListItem","position":1,"name":"Portada","item":"https:\/\/hbpedernales.gob.ec\/bienvenida\/"},{"@type":"ListItem","position":2,"name":"Atenci\u00f3n de Calidad"}]},{"@type":"WebSite","@id":"https:\/\/hbpedernales.gob.ec\/bienvenida\/#website","url":"https:\/\/hbpedernales.gob.ec\/bienvenida\/","name":"Hospital B\u00e1sico Pedernales","description":"","publisher":{"@id":"https:\/\/hbpedernales.gob.ec\/bienvenida\/#organization"},"potentialAction":[{"@type":"SearchAction","target":{"@type":"EntryPoint","urlTemplate":"https:\/\/hbpedernales.gob.ec\/bienvenida\/?s={search_term_string}"},"query-input":"required name=search_term_string"}],"inLanguage":"es"},{"@type":"Organization","@id":"https:\/\/hbpedernales.gob.ec\/bienvenida\/#organization","name":"Hospital B\u00e1sico Pedernales","url":"https:\/\/hbpedernales.gob.ec\/bienvenida\/","logo":{"@type":"ImageObject","inLanguage":"es","@id":"https:\/\/hbpedernales.gob.ec\/bienvenida\/#\/schema\/logo\/image\/","url":"https:\/\/hbpedernales.gob.ec\/bienvenida\/wp-content\/uploads\/2024\/02\/Logo.png","contentUrl":"https:\/\/hbpedernales.gob.ec\/bienvenida\/wp-content\/uploads\/2024\/02\/Logo.png","width":101,"height":32,"caption":"Hospital B\u00e1sico Pedernales"},"image":{"@id":"https:\/\/hbpedernales.gob.ec\/bienvenida\/#\/schema\/logo\/image\/"}}]}},"_links":{"self":[{"href":"https:\/\/hbpedernales.gob.ec\/bienvenida\/index.php\/wp-json\/wp\/v2\/pages\/84","targetHints":{"allow":["GET"]}}],"collection":[{"href":"https:\/\/hbpedernales.gob.ec\/bienvenida\/index.php\/wp-json\/wp\/v2\/pages"}],"about":[{"href":"https:\/\/hbpedernales.gob.ec\/bienvenida\/index.php\/wp-json\/wp\/v2\/types\/page"}],"author":[{"embeddable":true,"href":"https:\/\/hbpedernales.gob.ec\/bienvenida\/index.php\/wp-json\/wp\/v2\/users\/2"}],"replies":[{"embeddable":true,"href":"https:\/\/hbpedernales.gob.ec\/bienvenida\/index.php\/wp-json\/wp\/v2\/comments?post=84"}],"version-history":[{"count":5,"href":"https:\/\/hbpedernales.gob.ec\/bienvenida\/index.php\/wp-json\/wp\/v2\/pages\/84\/revisions"}],"predecessor-version":[{"id":95,"href":"https:\/\/hbpedernales.gob.ec\/bienvenida\/index.php\/wp-json\/wp\/v2\/pages\/84\/revisions\/95"}],"wp:attachment":[{"href":"https:\/\/hbpedernales.gob.ec\/bienvenida\/index.php\/wp-json\/wp\/v2\/media?parent=84"}],"curies":[{"name":"wp","href":"https:\/\/api.w.org\/{rel}","templated":true}]}}