{"id":212,"date":"2026-04-08T18:07:48","date_gmt":"2026-04-08T18:07:48","guid":{"rendered":"https:\/\/hbpedernales.gob.ec\/bienvenida\/?page_id=212"},"modified":"2026-04-08T20:48:17","modified_gmt":"2026-04-08T20:48:17","slug":"rendicion-de-cuentas-2025","status":"publish","type":"page","link":"https:\/\/hbpedernales.gob.ec\/bienvenida\/index.php\/rendicion-de-cuentas-2025\/","title":{"rendered":"Rendici\u00f3n de Cuentas 2025"},"content":{"rendered":"\n<p class=\"has-text-align-center\">La rendici\u00f3n de cuentas es un proceso mediante el cual quienes toman decisiones sobre la gesti\u00f3n de lo p\u00fablico, cumplen su deber y responsabilidad de explicar, dar a conocer o responder a la ciudadan\u00eda sobre el manejo de lo p\u00fablico y sus resultados.<\/p>\n\n\n\n<div class=\"wp-block-columns is-layout-flex wp-container-core-columns-is-layout-28f84493 wp-block-columns-is-layout-flex\">\n<div class=\"wp-block-column is-layout-flow wp-block-column-is-layout-flow\"><\/div>\n\n\n\n<div class=\"wp-block-column is-layout-flow wp-block-column-is-layout-flow\"><\/div>\n<\/div>\n\n\n\n<p><strong>DOCUMENTACI\u00d3N IMPORTANTE<\/strong><\/p>\n\n\n\n<ul class=\"wp-block-list\">\n<li><code><a href=\"https:\/\/drive.google.com\/drive\/folders\/1ZHeW2iPPhkvVMlMGyVbH7kw1_EEhUQTb?usp=sharing\">Fase 1<\/a><\/code><\/li>\n\n\n\n<li><a href=\"https:\/\/drive.google.com\/drive\/folders\/1oRzdguA8l5bActLDvd56GadKyaH6MVoF?usp=sharing\">Fase 2<\/a><\/li>\n\n\n\n<li>Fase 3<\/li>\n\n\n\n<li>Fase 4<\/li>\n<\/ul>\n\n\n\n<p><\/p>\n\n\n\n<p><\/p>\n\n\n\n<p><strong>ANEXOS<\/strong><\/p>\n\n\n\n<ul class=\"wp-block-list\">\n<li><a href=\"https:\/\/drive.google.com\/drive\/folders\/1UqGeDJ977hY7jvRi-sQlp9wkBAQw3bPe?usp=sharing\">Estad\u00edstica<\/a><\/li>\n\n\n\n<li><a href=\"https:\/\/docs.google.com\/spreadsheets\/d\/1QdLUASSi9TC0SmMomrkMOCfUUg--xbNe\/edit?usp=sharing&amp;ouid=117874837001261828483&amp;rtpof=true&amp;sd=true\">Presupuesto<\/a><\/li>\n\n\n\n<li><a href=\"https:\/\/docs.google.com\/spreadsheets\/d\/1aHYxZPe4F82eELVOSVhyHMEMiAy0JcGA\/edit?usp=sharing&amp;ouid=117874837001261828483&amp;rtpof=true&amp;sd=true\">Planificaci\u00f3n<\/a><\/li>\n\n\n\n<li><a href=\"https:\/\/drive.google.com\/drive\/folders\/1N121vWhIhWlLRv8VcMVuLB5Zlv8yQd6B?usp=sharing\">Transparencia<\/a><\/li>\n<\/ul>\n\n\n\n<details class=\"wp-block-details is-layout-flow wp-block-details-is-layout-flow\"><summary><strong>Adquisiciones<\/strong><\/summary>\n<ol class=\"wp-block-list\">\n<li><a href=\"https:\/\/nextcloud.hbpedernales.gob.ec:5443\/index.php\/apps\/files\/files\/265457?dir=\/5%20Gesti%C3%B3n%20de%20Administrativo\/2025\/PLURIANUAL\/SERVICIOS%20EXTERNALIZADOS%202025\">Cat\u00e1logo Electr\u00f3nico<\/a><\/li>\n\n\n\n<li><a href=\"https:\/\/nextcloud.hbpedernales.gob.ec:5443\/index.php\/apps\/files\/files\/271496?dir=\/4%20Gesti%C3%B3n%20de%20Farmacia\/2025\/ANUAL\">\u00cdnfima Cuant\u00eda<\/a><\/li>\n\n\n\n<li><a href=\"https:\/\/nextcloud.hbpedernales.gob.ec:5443\/index.php\/apps\/files\/files\/272419?dir=\/4%20Gesti%C3%B3n%20de%20Farmacia\/2025\/ANUAL\/SUBASTAS\/INSUMOS\/MATERIALES%20DE%20CURACI%C3%93N-INCOMPLETO\">Subasta Inversa Electr\u00f3nica<\/a><\/li>\n<\/ol>\n<\/details>\n\n\n\n<p><\/p>\n","protected":false},"excerpt":{"rendered":"<p>La rendici\u00f3n de cuentas es un proceso mediante el cual quienes toman decisiones sobre la gesti\u00f3n de lo p\u00fablico, cumplen su deber y responsabilidad de explicar, dar a conocer o responder a la ciudadan\u00eda sobre el manejo de lo p\u00fablico y sus resultados. DOCUMENTACI\u00d3N IMPORTANTE ANEXOS<\/p>\n","protected":false},"author":3,"featured_media":0,"parent":0,"menu_order":0,"comment_status":"closed","ping_status":"closed","template":"","meta":{"footnotes":""},"class_list":["post-212","page","type-page","status-publish","hentry"],"yoast_head":"<!-- This site is optimized with the Yoast SEO plugin v22.7 - https:\/\/yoast.com\/wordpress\/plugins\/seo\/ -->\n<title>Rendici\u00f3n de Cuentas 2025 - Hospital B\u00e1sico Pedernales<\/title>\n<meta name=\"robots\" content=\"index, follow, max-snippet:-1, max-image-preview:large, max-video-preview:-1\" \/>\n<link rel=\"canonical\" href=\"https:\/\/hbpedernales.gob.ec\/bienvenida\/index.php\/rendicion-de-cuentas-2025\/\" \/>\n<meta property=\"og:locale\" content=\"es_ES\" \/>\n<meta property=\"og:type\" content=\"article\" \/>\n<meta property=\"og:title\" content=\"Rendici\u00f3n de Cuentas 2025 - Hospital B\u00e1sico Pedernales\" \/>\n<meta property=\"og:description\" content=\"La rendici\u00f3n de cuentas es un proceso mediante el cual quienes toman decisiones sobre la gesti\u00f3n de lo p\u00fablico, cumplen su deber y responsabilidad de explicar, dar a conocer o responder a la ciudadan\u00eda sobre el manejo de lo p\u00fablico y sus resultados. DOCUMENTACI\u00d3N IMPORTANTE ANEXOS\" \/>\n<meta property=\"og:url\" content=\"https:\/\/hbpedernales.gob.ec\/bienvenida\/index.php\/rendicion-de-cuentas-2025\/\" \/>\n<meta property=\"og:site_name\" content=\"Hospital B\u00e1sico Pedernales\" \/>\n<meta property=\"article:modified_time\" content=\"2026-04-08T20:48:17+00:00\" \/>\n<meta name=\"twitter:card\" content=\"summary_large_image\" \/>\n<meta name=\"twitter:label1\" content=\"Tiempo de lectura\" \/>\n\t<meta name=\"twitter:data1\" content=\"1 minuto\" \/>\n<script type=\"application\/ld+json\" class=\"yoast-schema-graph\">{\"@context\":\"https:\/\/schema.org\",\"@graph\":[{\"@type\":\"WebPage\",\"@id\":\"https:\/\/hbpedernales.gob.ec\/bienvenida\/index.php\/rendicion-de-cuentas-2025\/\",\"url\":\"https:\/\/hbpedernales.gob.ec\/bienvenida\/index.php\/rendicion-de-cuentas-2025\/\",\"name\":\"Rendici\u00f3n de Cuentas 2025 - Hospital B\u00e1sico Pedernales\",\"isPartOf\":{\"@id\":\"https:\/\/hbpedernales.gob.ec\/bienvenida\/#website\"},\"datePublished\":\"2026-04-08T18:07:48+00:00\",\"dateModified\":\"2026-04-08T20:48:17+00:00\",\"breadcrumb\":{\"@id\":\"https:\/\/hbpedernales.gob.ec\/bienvenida\/index.php\/rendicion-de-cuentas-2025\/#breadcrumb\"},\"inLanguage\":\"es\",\"potentialAction\":[{\"@type\":\"ReadAction\",\"target\":[\"https:\/\/hbpedernales.gob.ec\/bienvenida\/index.php\/rendicion-de-cuentas-2025\/\"]}]},{\"@type\":\"BreadcrumbList\",\"@id\":\"https:\/\/hbpedernales.gob.ec\/bienvenida\/index.php\/rendicion-de-cuentas-2025\/#breadcrumb\",\"itemListElement\":[{\"@type\":\"ListItem\",\"position\":1,\"name\":\"Portada\",\"item\":\"https:\/\/hbpedernales.gob.ec\/bienvenida\/\"},{\"@type\":\"ListItem\",\"position\":2,\"name\":\"Rendici\u00f3n de Cuentas 2025\"}]},{\"@type\":\"WebSite\",\"@id\":\"https:\/\/hbpedernales.gob.ec\/bienvenida\/#website\",\"url\":\"https:\/\/hbpedernales.gob.ec\/bienvenida\/\",\"name\":\"Hospital B\u00e1sico Pedernales\",\"description\":\"\",\"publisher\":{\"@id\":\"https:\/\/hbpedernales.gob.ec\/bienvenida\/#organization\"},\"potentialAction\":[{\"@type\":\"SearchAction\",\"target\":{\"@type\":\"EntryPoint\",\"urlTemplate\":\"https:\/\/hbpedernales.gob.ec\/bienvenida\/?s={search_term_string}\"},\"query-input\":\"required name=search_term_string\"}],\"inLanguage\":\"es\"},{\"@type\":\"Organization\",\"@id\":\"https:\/\/hbpedernales.gob.ec\/bienvenida\/#organization\",\"name\":\"Hospital B\u00e1sico Pedernales\",\"url\":\"https:\/\/hbpedernales.gob.ec\/bienvenida\/\",\"logo\":{\"@type\":\"ImageObject\",\"inLanguage\":\"es\",\"@id\":\"https:\/\/hbpedernales.gob.ec\/bienvenida\/#\/schema\/logo\/image\/\",\"url\":\"https:\/\/hbpedernales.gob.ec\/bienvenida\/wp-content\/uploads\/2024\/02\/Logo.png\",\"contentUrl\":\"https:\/\/hbpedernales.gob.ec\/bienvenida\/wp-content\/uploads\/2024\/02\/Logo.png\",\"width\":101,\"height\":32,\"caption\":\"Hospital B\u00e1sico Pedernales\"},\"image\":{\"@id\":\"https:\/\/hbpedernales.gob.ec\/bienvenida\/#\/schema\/logo\/image\/\"}}]}<\/script>\n<!-- \/ Yoast SEO plugin. -->","yoast_head_json":{"title":"Rendici\u00f3n de Cuentas 2025 - Hospital B\u00e1sico Pedernales","robots":{"index":"index","follow":"follow","max-snippet":"max-snippet:-1","max-image-preview":"max-image-preview:large","max-video-preview":"max-video-preview:-1"},"canonical":"https:\/\/hbpedernales.gob.ec\/bienvenida\/index.php\/rendicion-de-cuentas-2025\/","og_locale":"es_ES","og_type":"article","og_title":"Rendici\u00f3n de Cuentas 2025 - Hospital B\u00e1sico Pedernales","og_description":"La rendici\u00f3n de cuentas es un proceso mediante el cual quienes toman decisiones sobre la gesti\u00f3n de lo p\u00fablico, cumplen su deber y responsabilidad de explicar, dar a conocer o responder a la ciudadan\u00eda sobre el manejo de lo p\u00fablico y sus resultados. DOCUMENTACI\u00d3N IMPORTANTE ANEXOS","og_url":"https:\/\/hbpedernales.gob.ec\/bienvenida\/index.php\/rendicion-de-cuentas-2025\/","og_site_name":"Hospital B\u00e1sico Pedernales","article_modified_time":"2026-04-08T20:48:17+00:00","twitter_card":"summary_large_image","twitter_misc":{"Tiempo de lectura":"1 minuto"},"schema":{"@context":"https:\/\/schema.org","@graph":[{"@type":"WebPage","@id":"https:\/\/hbpedernales.gob.ec\/bienvenida\/index.php\/rendicion-de-cuentas-2025\/","url":"https:\/\/hbpedernales.gob.ec\/bienvenida\/index.php\/rendicion-de-cuentas-2025\/","name":"Rendici\u00f3n de Cuentas 2025 - Hospital B\u00e1sico Pedernales","isPartOf":{"@id":"https:\/\/hbpedernales.gob.ec\/bienvenida\/#website"},"datePublished":"2026-04-08T18:07:48+00:00","dateModified":"2026-04-08T20:48:17+00:00","breadcrumb":{"@id":"https:\/\/hbpedernales.gob.ec\/bienvenida\/index.php\/rendicion-de-cuentas-2025\/#breadcrumb"},"inLanguage":"es","potentialAction":[{"@type":"ReadAction","target":["https:\/\/hbpedernales.gob.ec\/bienvenida\/index.php\/rendicion-de-cuentas-2025\/"]}]},{"@type":"BreadcrumbList","@id":"https:\/\/hbpedernales.gob.ec\/bienvenida\/index.php\/rendicion-de-cuentas-2025\/#breadcrumb","itemListElement":[{"@type":"ListItem","position":1,"name":"Portada","item":"https:\/\/hbpedernales.gob.ec\/bienvenida\/"},{"@type":"ListItem","position":2,"name":"Rendici\u00f3n de Cuentas 2025"}]},{"@type":"WebSite","@id":"https:\/\/hbpedernales.gob.ec\/bienvenida\/#website","url":"https:\/\/hbpedernales.gob.ec\/bienvenida\/","name":"Hospital B\u00e1sico Pedernales","description":"","publisher":{"@id":"https:\/\/hbpedernales.gob.ec\/bienvenida\/#organization"},"potentialAction":[{"@type":"SearchAction","target":{"@type":"EntryPoint","urlTemplate":"https:\/\/hbpedernales.gob.ec\/bienvenida\/?s={search_term_string}"},"query-input":"required name=search_term_string"}],"inLanguage":"es"},{"@type":"Organization","@id":"https:\/\/hbpedernales.gob.ec\/bienvenida\/#organization","name":"Hospital B\u00e1sico Pedernales","url":"https:\/\/hbpedernales.gob.ec\/bienvenida\/","logo":{"@type":"ImageObject","inLanguage":"es","@id":"https:\/\/hbpedernales.gob.ec\/bienvenida\/#\/schema\/logo\/image\/","url":"https:\/\/hbpedernales.gob.ec\/bienvenida\/wp-content\/uploads\/2024\/02\/Logo.png","contentUrl":"https:\/\/hbpedernales.gob.ec\/bienvenida\/wp-content\/uploads\/2024\/02\/Logo.png","width":101,"height":32,"caption":"Hospital B\u00e1sico Pedernales"},"image":{"@id":"https:\/\/hbpedernales.gob.ec\/bienvenida\/#\/schema\/logo\/image\/"}}]}},"_links":{"self":[{"href":"https:\/\/hbpedernales.gob.ec\/bienvenida\/index.php\/wp-json\/wp\/v2\/pages\/212","targetHints":{"allow":["GET"]}}],"collection":[{"href":"https:\/\/hbpedernales.gob.ec\/bienvenida\/index.php\/wp-json\/wp\/v2\/pages"}],"about":[{"href":"https:\/\/hbpedernales.gob.ec\/bienvenida\/index.php\/wp-json\/wp\/v2\/types\/page"}],"author":[{"embeddable":true,"href":"https:\/\/hbpedernales.gob.ec\/bienvenida\/index.php\/wp-json\/wp\/v2\/users\/3"}],"replies":[{"embeddable":true,"href":"https:\/\/hbpedernales.gob.ec\/bienvenida\/index.php\/wp-json\/wp\/v2\/comments?post=212"}],"version-history":[{"count":8,"href":"https:\/\/hbpedernales.gob.ec\/bienvenida\/index.php\/wp-json\/wp\/v2\/pages\/212\/revisions"}],"predecessor-version":[{"id":240,"href":"https:\/\/hbpedernales.gob.ec\/bienvenida\/index.php\/wp-json\/wp\/v2\/pages\/212\/revisions\/240"}],"wp:attachment":[{"href":"https:\/\/hbpedernales.gob.ec\/bienvenida\/index.php\/wp-json\/wp\/v2\/media?parent=212"}],"curies":[{"name":"wp","href":"https:\/\/api.w.org\/{rel}","templated":true}]}}