{"id":178,"date":"2025-06-20T18:33:44","date_gmt":"2025-06-20T18:33:44","guid":{"rendered":"https:\/\/hbpedernales.gob.ec\/bienvenida\/?page_id=178"},"modified":"2025-08-13T20:41:40","modified_gmt":"2025-08-13T20:41:40","slug":"rendicion-de-cuentas-2024","status":"publish","type":"page","link":"https:\/\/hbpedernales.gob.ec\/bienvenida\/index.php\/rendicion-de-cuentas-2024\/","title":{"rendered":"Rendici\u00f3n de Cuentas 2024"},"content":{"rendered":"\n<div class=\"wp-block-group alignfull has-global-padding is-layout-constrained wp-container-core-group-is-layout-490fa1db wp-block-group-is-layout-constrained\" style=\"padding-top:var(--wp--preset--spacing--50);padding-right:var(--wp--preset--spacing--50);padding-bottom:var(--wp--preset--spacing--50);padding-left:var(--wp--preset--spacing--50)\">\n<div class=\"wp-block-group has-global-padding is-layout-constrained wp-container-core-group-is-layout-650790e1 wp-block-group-is-layout-constrained\">\n<div style=\"height:1.25rem\" aria-hidden=\"true\" class=\"wp-block-spacer\"><\/div>\n\n\n\n<p class=\"has-text-align-center\">La rendici\u00f3n de cuentas es un proceso mediante el cual quienes toman decisiones sobre la gesti\u00f3n de lo p\u00fablico, cumplen su deber y responsabilidad de explicar, dar a conocer o responder a la ciudadan\u00eda sobre el manejo de lo p\u00fablico y sus resultados.<\/p>\n\n\n\n<details class=\"wp-block-details is-layout-flow wp-block-details-is-layout-flow\"><summary>DOCUMENTACI\u00d3N IMPORTANTE<\/summary>\n<p><\/p>\n<\/details>\n\n\n\n<p class=\"has-text-align-left\"><strong><a href=\"https:\/\/drive.google.com\/drive\/folders\/1-GSrEImydUScw5NYs9T_lw7W3siumGLR?usp=drive_link\">FASE 0<\/a><\/strong><\/p>\n\n\n\n<p class=\"has-text-align-left\"><strong><a href=\"https:\/\/drive.google.com\/drive\/folders\/1aW0oz99Sd9gC2Vf5zEVCJbloycNEOYjP?usp=drive_link\">FASE 1<\/a><\/strong><\/p>\n\n\n\n<p class=\"has-text-align-left\"><strong><a href=\"https:\/\/drive.google.com\/drive\/folders\/1JLDK0_k916MguOwc8CrI5KAowZG_lE2y?usp=drive_link\">FASE 2<\/a><\/strong><\/p>\n\n\n\n<p><strong><a href=\"https:\/\/drive.google.com\/drive\/folders\/1f6_dWRMidmi-_ws0x_HcQfIBR3r8lTkk?usp=drive_link\">FASE 3<\/a><\/strong><\/p>\n\n\n\n<p><mark style=\"background-color:rgba(0, 0, 0, 0)\" class=\"has-inline-color has-accent-3-color\">ANEXOS<\/mark><\/p>\n\n\n\n<p><strong><a href=\"https:\/\/drive.google.com\/file\/d\/1AatBsaTduBvWvVogslSa1qOVkZ-tr5if\/view?usp=sharing\">INFORME ESTAD\u00cdSTICO<\/a><\/strong><\/p>\n\n\n\n<p><strong><a href=\"https:\/\/hbpedernales.gob.ec\/bienvenida\/wp-content\/uploads\/2025\/06\/CEDULA-PRESUP-2024.pdf\">C\u00c9DULA PRESUPUESTARIA<\/a><\/strong><\/p>\n\n\n\n<p><strong><a href=\"https:\/\/drive.google.com\/drive\/folders\/1KNNc31fRlVlAxGPJDkkfIq0ZF5FHDZRS?usp=sharing\">PAC<\/a><\/strong><\/p>\n\n\n\n<p><a href=\"https:\/\/drive.google.com\/drive\/folders\/1WznwjVKpEJAluIjLXQ-PwEa9SkAub9Et?usp=sharing\"><strong>POA<\/strong><\/a><\/p>\n\n\n\n<p><strong><a href=\"https:\/\/drive.google.com\/drive\/folders\/1zrloDEcHk4Z228yUgvB3nldL7XK8eyQI?usp=sharing\">LOTAIP<\/a><\/strong><\/p>\n\n\n\n<div style=\"height:1.25rem\" aria-hidden=\"true\" class=\"wp-block-spacer\"><\/div>\n\n\n\n<div class=\"wp-block-buttons is-content-justification-center is-layout-flex wp-container-core-buttons-is-layout-a89b3969 wp-block-buttons-is-layout-flex\">\n<div class=\"wp-block-button\"><a class=\"wp-block-button__link wp-element-button\">Sobre nosotros<\/a><\/div>\n<\/div>\n<\/div>\n\n\n\n<div class=\"wp-block-group has-global-padding is-layout-constrained wp-block-group-is-layout-constrained\">\n<div style=\"height:27px\" aria-hidden=\"true\" class=\"wp-block-spacer\"><\/div>\n<\/div>\n<\/div>\n\n\n\n<div class=\"wp-block-group alignfull has-global-padding is-layout-constrained wp-container-core-group-is-layout-d89aad35 wp-block-group-is-layout-constrained\" style=\"margin-top:0;margin-bottom:0;padding-top:var(--wp--preset--spacing--50);padding-right:var(--wp--preset--spacing--50);padding-bottom:var(--wp--preset--spacing--50);padding-left:var(--wp--preset--spacing--50)\">\n<div class=\"wp-block-group alignwide has-global-padding is-layout-constrained wp-container-core-group-is-layout-19e250f3 wp-block-group-is-layout-constrained\">\n<div class=\"wp-block-group is-vertical is-content-justification-center is-layout-flex wp-container-core-group-is-layout-6329a8f3 wp-block-group-is-layout-flex\">\n<figure class=\"wp-block-image size-large\"><img loading=\"lazy\" decoding=\"async\" width=\"768\" height=\"1024\" src=\"https:\/\/hbpedernales.gob.ec\/bienvenida\/wp-content\/uploads\/2025\/06\/f1-768x1024.jpg\" alt=\"\" class=\"wp-image-187\" srcset=\"https:\/\/hbpedernales.gob.ec\/bienvenida\/wp-content\/uploads\/2025\/06\/f1-768x1024.jpg 768w, https:\/\/hbpedernales.gob.ec\/bienvenida\/wp-content\/uploads\/2025\/06\/f1-225x300.jpg 225w, https:\/\/hbpedernales.gob.ec\/bienvenida\/wp-content\/uploads\/2025\/06\/f1-1152x1536.jpg 1152w, https:\/\/hbpedernales.gob.ec\/bienvenida\/wp-content\/uploads\/2025\/06\/f1.jpg 1200w\" sizes=\"auto, (max-width: 768px) 100vw, 768px\" \/><\/figure>\n<\/div>\n\n\n\n<div style=\"height:var(--wp--preset--spacing--40)\" aria-hidden=\"true\" class=\"wp-block-spacer\"><\/div>\n\n\n\n<div style=\"height:var(--wp--preset--spacing--40)\" aria-hidden=\"true\" class=\"wp-block-spacer\"><\/div>\n<\/div>\n<\/div>\n\n\n\n<figure class=\"wp-block-image size-large\"><img loading=\"lazy\" decoding=\"async\" width=\"1024\" height=\"768\" src=\"https:\/\/hbpedernales.gob.ec\/bienvenida\/wp-content\/uploads\/2025\/08\/WhatsApp-Image-2025-08-13-at-14.02.30-1024x768.jpeg\" alt=\"\" class=\"wp-image-204\" srcset=\"https:\/\/hbpedernales.gob.ec\/bienvenida\/wp-content\/uploads\/2025\/08\/WhatsApp-Image-2025-08-13-at-14.02.30-1024x768.jpeg 1024w, https:\/\/hbpedernales.gob.ec\/bienvenida\/wp-content\/uploads\/2025\/08\/WhatsApp-Image-2025-08-13-at-14.02.30-300x225.jpeg 300w, https:\/\/hbpedernales.gob.ec\/bienvenida\/wp-content\/uploads\/2025\/08\/WhatsApp-Image-2025-08-13-at-14.02.30-768x576.jpeg 768w, https:\/\/hbpedernales.gob.ec\/bienvenida\/wp-content\/uploads\/2025\/08\/WhatsApp-Image-2025-08-13-at-14.02.30-1536x1152.jpeg 1536w, https:\/\/hbpedernales.gob.ec\/bienvenida\/wp-content\/uploads\/2025\/08\/WhatsApp-Image-2025-08-13-at-14.02.30.jpeg 1600w\" sizes=\"auto, (max-width: 1024px) 100vw, 1024px\" \/><\/figure>\n\n\n\n<figure class=\"wp-block-video\"><\/figure>\n\n\n\n<details class=\"wp-block-details is-layout-flow wp-block-details-is-layout-flow\"><summary>VIDEO RENDICI\u00d3N DE CUENTAS 2024<\/summary><\/details>\n\n\n\n<figure class=\"wp-block-embed is-type-video is-provider-youtube wp-block-embed-youtube wp-embed-aspect-16-9 wp-has-aspect-ratio\"><div class=\"wp-block-embed__wrapper\">\n<iframe loading=\"lazy\" title=\"RENDICION DE CUENTAS 2024\" width=\"500\" height=\"281\" src=\"https:\/\/www.youtube.com\/embed\/vY3IqkKI31s?feature=oembed\" frameborder=\"0\" allow=\"accelerometer; autoplay; clipboard-write; encrypted-media; gyroscope; picture-in-picture; web-share\" referrerpolicy=\"strict-origin-when-cross-origin\" allowfullscreen><\/iframe>\n<\/div><\/figure>\n","protected":false},"excerpt":{"rendered":"<p>La rendici\u00f3n de cuentas es un proceso mediante el cual quienes toman decisiones sobre la gesti\u00f3n de lo p\u00fablico, cumplen su deber y responsabilidad de explicar, dar a conocer o responder a la ciudadan\u00eda sobre el manejo de lo p\u00fablico y sus resultados. FASE 0 FASE 1 FASE 2 FASE 3 ANEXOS INFORME ESTAD\u00cdSTICO C\u00c9DULA [&hellip;]<\/p>\n","protected":false},"author":1,"featured_media":0,"parent":0,"menu_order":0,"comment_status":"closed","ping_status":"closed","template":"","meta":{"footnotes":"[]"},"class_list":["post-178","page","type-page","status-publish","hentry"],"yoast_head":"<!-- This site is optimized with the Yoast SEO plugin v22.7 - https:\/\/yoast.com\/wordpress\/plugins\/seo\/ -->\n<title>Rendici\u00f3n de Cuentas 2024 - Hospital B\u00e1sico Pedernales<\/title>\n<meta name=\"robots\" content=\"index, follow, max-snippet:-1, max-image-preview:large, max-video-preview:-1\" \/>\n<link rel=\"canonical\" href=\"https:\/\/hbpedernales.gob.ec\/bienvenida\/index.php\/rendicion-de-cuentas-2024\/\" \/>\n<meta property=\"og:locale\" content=\"es_ES\" \/>\n<meta property=\"og:type\" content=\"article\" \/>\n<meta property=\"og:title\" content=\"Rendici\u00f3n de Cuentas 2024 - Hospital B\u00e1sico Pedernales\" \/>\n<meta property=\"og:description\" content=\"La rendici\u00f3n de cuentas es un proceso mediante el cual quienes toman decisiones sobre la gesti\u00f3n de lo p\u00fablico, cumplen su deber y responsabilidad de explicar, dar a conocer o responder a la ciudadan\u00eda sobre el manejo de lo p\u00fablico y sus resultados. FASE 0 FASE 1 FASE 2 FASE 3 ANEXOS INFORME ESTAD\u00cdSTICO C\u00c9DULA [&hellip;]\" \/>\n<meta property=\"og:url\" content=\"https:\/\/hbpedernales.gob.ec\/bienvenida\/index.php\/rendicion-de-cuentas-2024\/\" \/>\n<meta property=\"og:site_name\" content=\"Hospital B\u00e1sico Pedernales\" \/>\n<meta property=\"article:modified_time\" content=\"2025-08-13T20:41:40+00:00\" \/>\n<meta property=\"og:image\" content=\"https:\/\/hbpedernales.gob.ec\/bienvenida\/wp-content\/uploads\/2025\/06\/f1-768x1024.jpg\" \/>\n<meta name=\"twitter:card\" content=\"summary_large_image\" \/>\n<meta name=\"twitter:label1\" content=\"Tiempo de lectura\" \/>\n\t<meta name=\"twitter:data1\" content=\"1 minuto\" \/>\n<script type=\"application\/ld+json\" class=\"yoast-schema-graph\">{\"@context\":\"https:\/\/schema.org\",\"@graph\":[{\"@type\":\"WebPage\",\"@id\":\"https:\/\/hbpedernales.gob.ec\/bienvenida\/index.php\/rendicion-de-cuentas-2024\/\",\"url\":\"https:\/\/hbpedernales.gob.ec\/bienvenida\/index.php\/rendicion-de-cuentas-2024\/\",\"name\":\"Rendici\u00f3n de Cuentas 2024 - Hospital B\u00e1sico Pedernales\",\"isPartOf\":{\"@id\":\"https:\/\/hbpedernales.gob.ec\/bienvenida\/#website\"},\"primaryImageOfPage\":{\"@id\":\"https:\/\/hbpedernales.gob.ec\/bienvenida\/index.php\/rendicion-de-cuentas-2024\/#primaryimage\"},\"image\":{\"@id\":\"https:\/\/hbpedernales.gob.ec\/bienvenida\/index.php\/rendicion-de-cuentas-2024\/#primaryimage\"},\"thumbnailUrl\":\"https:\/\/hbpedernales.gob.ec\/bienvenida\/wp-content\/uploads\/2025\/06\/f1-768x1024.jpg\",\"datePublished\":\"2025-06-20T18:33:44+00:00\",\"dateModified\":\"2025-08-13T20:41:40+00:00\",\"breadcrumb\":{\"@id\":\"https:\/\/hbpedernales.gob.ec\/bienvenida\/index.php\/rendicion-de-cuentas-2024\/#breadcrumb\"},\"inLanguage\":\"es\",\"potentialAction\":[{\"@type\":\"ReadAction\",\"target\":[\"https:\/\/hbpedernales.gob.ec\/bienvenida\/index.php\/rendicion-de-cuentas-2024\/\"]}]},{\"@type\":\"ImageObject\",\"inLanguage\":\"es\",\"@id\":\"https:\/\/hbpedernales.gob.ec\/bienvenida\/index.php\/rendicion-de-cuentas-2024\/#primaryimage\",\"url\":\"https:\/\/hbpedernales.gob.ec\/bienvenida\/wp-content\/uploads\/2025\/06\/f1.jpg\",\"contentUrl\":\"https:\/\/hbpedernales.gob.ec\/bienvenida\/wp-content\/uploads\/2025\/06\/f1.jpg\",\"width\":1200,\"height\":1600},{\"@type\":\"BreadcrumbList\",\"@id\":\"https:\/\/hbpedernales.gob.ec\/bienvenida\/index.php\/rendicion-de-cuentas-2024\/#breadcrumb\",\"itemListElement\":[{\"@type\":\"ListItem\",\"position\":1,\"name\":\"Portada\",\"item\":\"https:\/\/hbpedernales.gob.ec\/bienvenida\/\"},{\"@type\":\"ListItem\",\"position\":2,\"name\":\"Rendici\u00f3n de Cuentas 2024\"}]},{\"@type\":\"WebSite\",\"@id\":\"https:\/\/hbpedernales.gob.ec\/bienvenida\/#website\",\"url\":\"https:\/\/hbpedernales.gob.ec\/bienvenida\/\",\"name\":\"Hospital B\u00e1sico Pedernales\",\"description\":\"\",\"publisher\":{\"@id\":\"https:\/\/hbpedernales.gob.ec\/bienvenida\/#organization\"},\"potentialAction\":[{\"@type\":\"SearchAction\",\"target\":{\"@type\":\"EntryPoint\",\"urlTemplate\":\"https:\/\/hbpedernales.gob.ec\/bienvenida\/?s={search_term_string}\"},\"query-input\":\"required name=search_term_string\"}],\"inLanguage\":\"es\"},{\"@type\":\"Organization\",\"@id\":\"https:\/\/hbpedernales.gob.ec\/bienvenida\/#organization\",\"name\":\"Hospital B\u00e1sico Pedernales\",\"url\":\"https:\/\/hbpedernales.gob.ec\/bienvenida\/\",\"logo\":{\"@type\":\"ImageObject\",\"inLanguage\":\"es\",\"@id\":\"https:\/\/hbpedernales.gob.ec\/bienvenida\/#\/schema\/logo\/image\/\",\"url\":\"https:\/\/hbpedernales.gob.ec\/bienvenida\/wp-content\/uploads\/2024\/02\/Logo.png\",\"contentUrl\":\"https:\/\/hbpedernales.gob.ec\/bienvenida\/wp-content\/uploads\/2024\/02\/Logo.png\",\"width\":101,\"height\":32,\"caption\":\"Hospital B\u00e1sico Pedernales\"},\"image\":{\"@id\":\"https:\/\/hbpedernales.gob.ec\/bienvenida\/#\/schema\/logo\/image\/\"}}]}<\/script>\n<!-- \/ Yoast SEO plugin. -->","yoast_head_json":{"title":"Rendici\u00f3n de Cuentas 2024 - Hospital B\u00e1sico Pedernales","robots":{"index":"index","follow":"follow","max-snippet":"max-snippet:-1","max-image-preview":"max-image-preview:large","max-video-preview":"max-video-preview:-1"},"canonical":"https:\/\/hbpedernales.gob.ec\/bienvenida\/index.php\/rendicion-de-cuentas-2024\/","og_locale":"es_ES","og_type":"article","og_title":"Rendici\u00f3n de Cuentas 2024 - Hospital B\u00e1sico Pedernales","og_description":"La rendici\u00f3n de cuentas es un proceso mediante el cual quienes toman decisiones sobre la gesti\u00f3n de lo p\u00fablico, cumplen su deber y responsabilidad de explicar, dar a conocer o responder a la ciudadan\u00eda sobre el manejo de lo p\u00fablico y sus resultados. FASE 0 FASE 1 FASE 2 FASE 3 ANEXOS INFORME ESTAD\u00cdSTICO C\u00c9DULA [&hellip;]","og_url":"https:\/\/hbpedernales.gob.ec\/bienvenida\/index.php\/rendicion-de-cuentas-2024\/","og_site_name":"Hospital B\u00e1sico Pedernales","article_modified_time":"2025-08-13T20:41:40+00:00","og_image":[{"url":"https:\/\/hbpedernales.gob.ec\/bienvenida\/wp-content\/uploads\/2025\/06\/f1-768x1024.jpg"}],"twitter_card":"summary_large_image","twitter_misc":{"Tiempo de lectura":"1 minuto"},"schema":{"@context":"https:\/\/schema.org","@graph":[{"@type":"WebPage","@id":"https:\/\/hbpedernales.gob.ec\/bienvenida\/index.php\/rendicion-de-cuentas-2024\/","url":"https:\/\/hbpedernales.gob.ec\/bienvenida\/index.php\/rendicion-de-cuentas-2024\/","name":"Rendici\u00f3n de Cuentas 2024 - Hospital B\u00e1sico Pedernales","isPartOf":{"@id":"https:\/\/hbpedernales.gob.ec\/bienvenida\/#website"},"primaryImageOfPage":{"@id":"https:\/\/hbpedernales.gob.ec\/bienvenida\/index.php\/rendicion-de-cuentas-2024\/#primaryimage"},"image":{"@id":"https:\/\/hbpedernales.gob.ec\/bienvenida\/index.php\/rendicion-de-cuentas-2024\/#primaryimage"},"thumbnailUrl":"https:\/\/hbpedernales.gob.ec\/bienvenida\/wp-content\/uploads\/2025\/06\/f1-768x1024.jpg","datePublished":"2025-06-20T18:33:44+00:00","dateModified":"2025-08-13T20:41:40+00:00","breadcrumb":{"@id":"https:\/\/hbpedernales.gob.ec\/bienvenida\/index.php\/rendicion-de-cuentas-2024\/#breadcrumb"},"inLanguage":"es","potentialAction":[{"@type":"ReadAction","target":["https:\/\/hbpedernales.gob.ec\/bienvenida\/index.php\/rendicion-de-cuentas-2024\/"]}]},{"@type":"ImageObject","inLanguage":"es","@id":"https:\/\/hbpedernales.gob.ec\/bienvenida\/index.php\/rendicion-de-cuentas-2024\/#primaryimage","url":"https:\/\/hbpedernales.gob.ec\/bienvenida\/wp-content\/uploads\/2025\/06\/f1.jpg","contentUrl":"https:\/\/hbpedernales.gob.ec\/bienvenida\/wp-content\/uploads\/2025\/06\/f1.jpg","width":1200,"height":1600},{"@type":"BreadcrumbList","@id":"https:\/\/hbpedernales.gob.ec\/bienvenida\/index.php\/rendicion-de-cuentas-2024\/#breadcrumb","itemListElement":[{"@type":"ListItem","position":1,"name":"Portada","item":"https:\/\/hbpedernales.gob.ec\/bienvenida\/"},{"@type":"ListItem","position":2,"name":"Rendici\u00f3n de Cuentas 2024"}]},{"@type":"WebSite","@id":"https:\/\/hbpedernales.gob.ec\/bienvenida\/#website","url":"https:\/\/hbpedernales.gob.ec\/bienvenida\/","name":"Hospital B\u00e1sico Pedernales","description":"","publisher":{"@id":"https:\/\/hbpedernales.gob.ec\/bienvenida\/#organization"},"potentialAction":[{"@type":"SearchAction","target":{"@type":"EntryPoint","urlTemplate":"https:\/\/hbpedernales.gob.ec\/bienvenida\/?s={search_term_string}"},"query-input":"required name=search_term_string"}],"inLanguage":"es"},{"@type":"Organization","@id":"https:\/\/hbpedernales.gob.ec\/bienvenida\/#organization","name":"Hospital B\u00e1sico Pedernales","url":"https:\/\/hbpedernales.gob.ec\/bienvenida\/","logo":{"@type":"ImageObject","inLanguage":"es","@id":"https:\/\/hbpedernales.gob.ec\/bienvenida\/#\/schema\/logo\/image\/","url":"https:\/\/hbpedernales.gob.ec\/bienvenida\/wp-content\/uploads\/2024\/02\/Logo.png","contentUrl":"https:\/\/hbpedernales.gob.ec\/bienvenida\/wp-content\/uploads\/2024\/02\/Logo.png","width":101,"height":32,"caption":"Hospital B\u00e1sico Pedernales"},"image":{"@id":"https:\/\/hbpedernales.gob.ec\/bienvenida\/#\/schema\/logo\/image\/"}}]}},"_links":{"self":[{"href":"https:\/\/hbpedernales.gob.ec\/bienvenida\/index.php\/wp-json\/wp\/v2\/pages\/178","targetHints":{"allow":["GET"]}}],"collection":[{"href":"https:\/\/hbpedernales.gob.ec\/bienvenida\/index.php\/wp-json\/wp\/v2\/pages"}],"about":[{"href":"https:\/\/hbpedernales.gob.ec\/bienvenida\/index.php\/wp-json\/wp\/v2\/types\/page"}],"author":[{"embeddable":true,"href":"https:\/\/hbpedernales.gob.ec\/bienvenida\/index.php\/wp-json\/wp\/v2\/users\/1"}],"replies":[{"embeddable":true,"href":"https:\/\/hbpedernales.gob.ec\/bienvenida\/index.php\/wp-json\/wp\/v2\/comments?post=178"}],"version-history":[{"count":15,"href":"https:\/\/hbpedernales.gob.ec\/bienvenida\/index.php\/wp-json\/wp\/v2\/pages\/178\/revisions"}],"predecessor-version":[{"id":208,"href":"https:\/\/hbpedernales.gob.ec\/bienvenida\/index.php\/wp-json\/wp\/v2\/pages\/178\/revisions\/208"}],"wp:attachment":[{"href":"https:\/\/hbpedernales.gob.ec\/bienvenida\/index.php\/wp-json\/wp\/v2\/media?parent=178"}],"curies":[{"name":"wp","href":"https:\/\/api.w.org\/{rel}","templated":true}]}}